{"id":24,"date":"2023-09-08T10:02:42","date_gmt":"2023-09-08T08:02:42","guid":{"rendered":"http:\/\/www.pappvh.hu\/?page_id=24"},"modified":"2023-11-06T11:09:41","modified_gmt":"2023-11-06T10:09:41","slug":"nyitva-tartas","status":"publish","type":"page","link":"http:\/\/www.pappvh.hu\/index.php\/nyitva-tartas\/","title":{"rendered":"Nyitva tart\u00e1s"},"content":{"rendered":"\n<h2 class=\"wp-block-heading\">Szem\u00e9lyes f\u00e9lfogad\u00e1s:<\/h2>\n\n\n\n<p>H\u00e9tf\u0151n: 8-12 \u00f3r\u00e1ig<br>Szerda: 8-12 \u00f3r\u00e1ig<br>Cs\u00fct\u00f6rt\u00f6k: 8-12 \u00f3r\u00e1ig<\/p>\n\n\n\n<h2 class=\"wp-block-heading\">V\u00e9grehajt\u00f3i f\u00e9lfogad\u00e1s kiz\u00e1r\u00f3lag jogi k\u00e9pvisel\u0151knek:<\/h2>\n\n\n\n<p>H\u00e9tf\u0151n: 8-12 \u00f3r\u00e1ig<br>Szerda: 8-12 \u00f3r\u00e1ig<br>Cs\u00fct\u00f6rt\u00f6k: 8-12 \u00f3r\u00e1ig<\/p>\n\n\n\n<h2 class=\"wp-block-heading\">Telefonos f\u00e9lfogad\u00e1s:<\/h2>\n\n\n\n<p>06-62\/426-786<br>H\u00e9tf\u0151-P\u00e9ntek: 8-12 \u00f3r\u00e1ig<\/p>\n","protected":false},"excerpt":{"rendered":"<p>Szem\u00e9lyes f\u00e9lfogad\u00e1s: H\u00e9tf\u0151n: 8-12 \u00f3r\u00e1igSzerda: 8-12 \u00f3r\u00e1igCs\u00fct\u00f6rt\u00f6k: 8-12 \u00f3r\u00e1ig V\u00e9grehajt\u00f3i f\u00e9lfogad\u00e1s kiz\u00e1r\u00f3lag jogi k\u00e9pvisel\u0151knek: H\u00e9tf\u0151n: 8-12 \u00f3r\u00e1igSzerda: 8-12 \u00f3r\u00e1igCs\u00fct\u00f6rt\u00f6k: 8-12 \u00f3r\u00e1ig Telefonos f\u00e9lfogad\u00e1s: 06-62\/426-786H\u00e9tf\u0151-P\u00e9ntek: 8-12 \u00f3r\u00e1ig<\/p>\n","protected":false},"author":1,"featured_media":0,"parent":0,"menu_order":0,"comment_status":"closed","ping_status":"closed","template":"","meta":{"footnotes":""},"_links":{"self":[{"href":"http:\/\/www.pappvh.hu\/index.php\/wp-json\/wp\/v2\/pages\/24"}],"collection":[{"href":"http:\/\/www.pappvh.hu\/index.php\/wp-json\/wp\/v2\/pages"}],"about":[{"href":"http:\/\/www.pappvh.hu\/index.php\/wp-json\/wp\/v2\/types\/page"}],"author":[{"embeddable":true,"href":"http:\/\/www.pappvh.hu\/index.php\/wp-json\/wp\/v2\/users\/1"}],"replies":[{"embeddable":true,"href":"http:\/\/www.pappvh.hu\/index.php\/wp-json\/wp\/v2\/comments?post=24"}],"version-history":[{"count":4,"href":"http:\/\/www.pappvh.hu\/index.php\/wp-json\/wp\/v2\/pages\/24\/revisions"}],"predecessor-version":[{"id":54,"href":"http:\/\/www.pappvh.hu\/index.php\/wp-json\/wp\/v2\/pages\/24\/revisions\/54"}],"wp:attachment":[{"href":"http:\/\/www.pappvh.hu\/index.php\/wp-json\/wp\/v2\/media?parent=24"}],"curies":[{"name":"wp","href":"https:\/\/api.w.org\/{rel}","templated":true}]}}